{"id":458,"date":"2022-06-20T10:45:26","date_gmt":"2022-06-20T15:45:26","guid":{"rendered":"http:\/\/ideliverinsurance.two.zysites.com\/about-us\/"},"modified":"2023-03-23T13:39:50","modified_gmt":"2023-03-23T18:39:50","slug":"about-us","status":"publish","type":"page","link":"https:\/\/www.ideliverinsurance.com\/es\/about-us\/","title":{"rendered":"Sobre nosotros"},"content":{"rendered":"<h2>Asegurando a nuestra comunidad local por m\u00e1s de 15 a\u00f1os<\/h2>\n<p>Nuestro personal dedicado de profesionales de seguros est\u00e1 aqu\u00ed para ayudarlo a obtener una p\u00f3liza de seguro de vida para protegerlo a usted y a sus seres queridos en los a\u00f1os venideros. Con un vasto conocimiento de nuestros muchos proveedores, estamos equipados para buscar la mejor p\u00f3liza que se adapte a sus necesidades. Nuestro trabajo es ayudarlo a navegar a trav\u00e9s del mar de opciones de pol\u00edticas y aclarar cualquier pregunta o inquietud que pueda tener en el camino.<\/p>\n<p>Hemos servido con \u00e9xito a cientos de clientes y estamos decididos a tratar a cada individuo con respeto y compasi\u00f3n. Comprar un seguro puede ser dif\u00edcil, pero nuestro personal hace el trabajo por usted. Mantenga su tranquilidad sabiendo que nuestros profesionales de seguros lo respaldan.<\/p>\n","protected":false},"excerpt":{"rendered":"<p>Asegurando a nuestra comunidad local por m\u00e1s de 15 a\u00f1os Nuestro personal dedicado de profesionales de seguros est\u00e1 aqu\u00ed para ayudarlo a obtener una p\u00f3liza de seguro de vida para protegerlo a usted y a sus seres queridos en los a\u00f1os venideros. Con un vasto conocimiento de nuestros muchos proveedores, estamos equipados para buscar la [&hellip;]<\/p>\n","protected":false},"author":4,"featured_media":0,"parent":0,"menu_order":0,"comment_status":"closed","ping_status":"closed","template":"","meta":{"_acf_changed":false,"_seopress_robots_primary_cat":"0","_seopress_titles_title":"","_seopress_titles_desc":"","_seopress_robots_index":"","_analytify_skip_tracking":false,"footnotes":""},"class_list":["post-458","page","type-page","status-publish","hentry"],"acf":[],"_links":{"self":[{"href":"https:\/\/www.ideliverinsurance.com\/es\/wp-json\/wp\/v2\/pages\/458","targetHints":{"allow":["GET"]}}],"collection":[{"href":"https:\/\/www.ideliverinsurance.com\/es\/wp-json\/wp\/v2\/pages"}],"about":[{"href":"https:\/\/www.ideliverinsurance.com\/es\/wp-json\/wp\/v2\/types\/page"}],"author":[{"embeddable":true,"href":"https:\/\/www.ideliverinsurance.com\/es\/wp-json\/wp\/v2\/users\/4"}],"replies":[{"embeddable":true,"href":"https:\/\/www.ideliverinsurance.com\/es\/wp-json\/wp\/v2\/comments?post=458"}],"version-history":[{"count":0,"href":"https:\/\/www.ideliverinsurance.com\/es\/wp-json\/wp\/v2\/pages\/458\/revisions"}],"wp:attachment":[{"href":"https:\/\/www.ideliverinsurance.com\/es\/wp-json\/wp\/v2\/media?parent=458"}],"curies":[{"name":"wp","href":"https:\/\/api.w.org\/{rel}","templated":true}]}}